{"id":16826,"date":"2025-02-12T17:42:43","date_gmt":"2025-02-12T16:42:43","guid":{"rendered":"https:\/\/bullbbq.eu\/quote\/"},"modified":"2025-04-09T11:39:21","modified_gmt":"2025-04-09T09:39:21","slug":"quote","status":"publish","type":"page","link":"https:\/\/bullbbq.eu\/de\/quote\/","title":{"rendered":"Angebot einholen"},"content":{"rendered":"\t\t<div data-elementor-type=\"wp-page\" data-elementor-id=\"16826\" class=\"elementor elementor-16826 elementor-16203\" data-elementor-post-type=\"page\">\n\t\t\t\t\t\t<section class=\"elementor-section elementor-top-section elementor-element elementor-element-8cc5ea2 elementor-section-full_width elementor-section-height-default elementor-section-height-default qodef-elementor-content-no qodef-elementor-overlay-no\" data-id=\"8cc5ea2\" data-element_type=\"section\">\n\t\t\t\t\t\t<div class=\"elementor-container elementor-column-gap-default\">\n\t\t\t\t\t<div class=\"elementor-column elementor-col-100 elementor-top-column elementor-element elementor-element-a5b59ce\" data-id=\"a5b59ce\" data-element_type=\"column\">\n\t\t\t<div class=\"elementor-widget-wrap elementor-element-populated\">\n\t\t\t\t\t\t<div class=\"elementor-element elementor-element-639c583 elementor-widget elementor-widget-text-editor\" data-id=\"639c583\" data-element_type=\"widget\" data-widget_type=\"text-editor.default\">\n\t\t\t\t<div class=\"elementor-widget-container\">\n\t\t\t\t\t\t\t<p><strong>M\u00f6chten Sie Ihr Kocherlebnis im Freien verbessern? Nehmen Sie Kontakt mit Bull BBQ EU auf!<\/strong><\/p><p>Geben Sie unten Ihre Daten ein, und wir verbinden Sie mit dem n\u00e4chstgelegenen Vertragsh\u00e4ndler, der Sie \u00fcber Preise, Produktoptionen und individuelle L\u00f6sungen f\u00fcr Ihre Outdoor-K\u00fcche beraten kann.<\/p>\t\t\t\t\t\t<\/div>\n\t\t\t\t<\/div>\n\t\t\t\t<div class=\"elementor-element elementor-element-cc4cfa4 elementor-widget elementor-widget-shortcode\" data-id=\"cc4cfa4\" data-element_type=\"widget\" data-widget_type=\"shortcode.default\">\n\t\t\t\t<div class=\"elementor-widget-container\">\n\t\t\t\t\t<div class=\"elementor-shortcode\"><iframe  seamless=\"seamless\" scrolling=\"no\" frameborder=\"0\" allowtransparency=\"true\" src=\"https:\/\/forms.monday.com\/forms\/embed\/9499ff895c99b7e715f06c6b92f646a4?r=use1\" width=\"100%\" height=\"1900px\" style=\"border: 0;\"><\/iframe><\/div>\n\t\t\t\t<\/div>\n\t\t\t\t<\/div>\n\t\t\t\t\t<\/div>\n\t\t<\/div>\n\t\t\t\t\t<\/div>\n\t\t<\/section>\n\t\t\t\t<\/div>\n\t\t","protected":false},"excerpt":{"rendered":"<p>M\u00f6chten Sie Ihr Kocherlebnis im Freien verbessern? Nehmen Sie Kontakt mit Bull BBQ EU auf! Geben Sie unten Ihre Daten ein, und wir verbinden Sie mit dem n\u00e4chstgelegenen Vertragsh\u00e4ndler, der Sie \u00fcber Preise, Produktoptionen und individuelle L\u00f6sungen f\u00fcr Ihre Outdoor-K\u00fcche beraten kann.<\/p>\n","protected":false},"author":1,"featured_media":0,"parent":0,"menu_order":0,"comment_status":"closed","ping_status":"closed","template":"","meta":{"_acf_changed":false,"footnotes":""},"class_list":["post-16826","page","type-page","status-publish","hentry"],"acf":[],"yoast_head":"<!-- This site is optimized with the Yoast SEO plugin v23.4 - https:\/\/yoast.com\/wordpress\/plugins\/seo\/ -->\n<title>Angebot einholen - BULL BBQ EU<\/title>\n<meta name=\"robots\" content=\"index, follow, max-snippet:-1, max-image-preview:large, max-video-preview:-1\" \/>\n<link rel=\"canonical\" href=\"https:\/\/bullbbq.eu\/de\/quote\/\" \/>\n<meta property=\"og:locale\" content=\"de_DE\" \/>\n<meta property=\"og:type\" content=\"article\" \/>\n<meta property=\"og:title\" content=\"Angebot einholen - BULL BBQ EU\" \/>\n<meta property=\"og:description\" content=\"M\u00f6chten Sie Ihr Kocherlebnis im Freien verbessern? Nehmen Sie Kontakt mit Bull BBQ EU auf! Geben Sie unten Ihre Daten ein, und wir verbinden Sie mit dem n\u00e4chstgelegenen Vertragsh\u00e4ndler, der Sie \u00fcber Preise, Produktoptionen und individuelle L\u00f6sungen f\u00fcr Ihre Outdoor-K\u00fcche beraten kann.\" \/>\n<meta property=\"og:url\" content=\"https:\/\/bullbbq.eu\/de\/quote\/\" \/>\n<meta property=\"og:site_name\" content=\"BULL BBQ EU\" \/>\n<meta property=\"article:publisher\" content=\"https:\/\/www.facebook.com\/bullbbq.eu\" \/>\n<meta property=\"article:modified_time\" content=\"2025-04-09T09:39:21+00:00\" \/>\n<meta name=\"twitter:card\" content=\"summary_large_image\" \/>\n<meta name=\"twitter:label1\" content=\"Gesch\u00e4tzte Lesezeit\" \/>\n\t<meta name=\"twitter:data1\" content=\"1\u00a0Minute\" \/>\n<script type=\"application\/ld+json\" class=\"yoast-schema-graph\">{\"@context\":\"https:\/\/schema.org\",\"@graph\":[{\"@type\":\"WebPage\",\"@id\":\"https:\/\/bullbbq.eu\/de\/quote\/\",\"url\":\"https:\/\/bullbbq.eu\/de\/quote\/\",\"name\":\"Angebot einholen - BULL BBQ EU\",\"isPartOf\":{\"@id\":\"https:\/\/bullbbq.eu\/de\/#website\"},\"datePublished\":\"2025-02-12T16:42:43+00:00\",\"dateModified\":\"2025-04-09T09:39:21+00:00\",\"breadcrumb\":{\"@id\":\"https:\/\/bullbbq.eu\/de\/quote\/#breadcrumb\"},\"inLanguage\":\"de\",\"potentialAction\":[{\"@type\":\"ReadAction\",\"target\":[\"https:\/\/bullbbq.eu\/de\/quote\/\"]}]},{\"@type\":\"BreadcrumbList\",\"@id\":\"https:\/\/bullbbq.eu\/de\/quote\/#breadcrumb\",\"itemListElement\":[{\"@type\":\"ListItem\",\"position\":1,\"name\":\"Home\",\"item\":\"https:\/\/bullbbq.eu\/de\/\"},{\"@type\":\"ListItem\",\"position\":2,\"name\":\"Angebot einholen\"}]},{\"@type\":\"WebSite\",\"@id\":\"https:\/\/bullbbq.eu\/de\/#website\",\"url\":\"https:\/\/bullbbq.eu\/de\/\",\"name\":\"BULL BBQ\",\"description\":\"Bull BBQ EU\",\"publisher\":{\"@id\":\"https:\/\/bullbbq.eu\/de\/#organization\"},\"potentialAction\":[{\"@type\":\"SearchAction\",\"target\":{\"@type\":\"EntryPoint\",\"urlTemplate\":\"https:\/\/bullbbq.eu\/de\/?s={search_term_string}\"},\"query-input\":{\"@type\":\"PropertyValueSpecification\",\"valueRequired\":true,\"valueName\":\"search_term_string\"}}],\"inLanguage\":\"de\"},{\"@type\":\"Organization\",\"@id\":\"https:\/\/bullbbq.eu\/de\/#organization\",\"name\":\"BULL BBQ\",\"url\":\"https:\/\/bullbbq.eu\/de\/\",\"logo\":{\"@type\":\"ImageObject\",\"inLanguage\":\"de\",\"@id\":\"https:\/\/bullbbq.eu\/de\/#\/schema\/logo\/image\/\",\"url\":\"https:\/\/bullbbq.eu\/wp-content\/uploads\/2023\/02\/logo_corp.png\",\"contentUrl\":\"https:\/\/bullbbq.eu\/wp-content\/uploads\/2023\/02\/logo_corp.png\",\"width\":461,\"height\":207,\"caption\":\"BULL BBQ\"},\"image\":{\"@id\":\"https:\/\/bullbbq.eu\/de\/#\/schema\/logo\/image\/\"},\"sameAs\":[\"https:\/\/www.facebook.com\/bullbbq.eu\",\"https:\/\/www.instagram.com\/bullbbqeu\/\"]}]}<\/script>\n<!-- \/ Yoast SEO plugin. -->","yoast_head_json":{"title":"Angebot einholen - BULL BBQ EU","robots":{"index":"index","follow":"follow","max-snippet":"max-snippet:-1","max-image-preview":"max-image-preview:large","max-video-preview":"max-video-preview:-1"},"canonical":"https:\/\/bullbbq.eu\/de\/quote\/","og_locale":"de_DE","og_type":"article","og_title":"Angebot einholen - BULL BBQ EU","og_description":"M\u00f6chten Sie Ihr Kocherlebnis im Freien verbessern? Nehmen Sie Kontakt mit Bull BBQ EU auf! Geben Sie unten Ihre Daten ein, und wir verbinden Sie mit dem n\u00e4chstgelegenen Vertragsh\u00e4ndler, der Sie \u00fcber Preise, Produktoptionen und individuelle L\u00f6sungen f\u00fcr Ihre Outdoor-K\u00fcche beraten kann.","og_url":"https:\/\/bullbbq.eu\/de\/quote\/","og_site_name":"BULL BBQ EU","article_publisher":"https:\/\/www.facebook.com\/bullbbq.eu","article_modified_time":"2025-04-09T09:39:21+00:00","twitter_card":"summary_large_image","twitter_misc":{"Gesch\u00e4tzte Lesezeit":"1\u00a0Minute"},"schema":{"@context":"https:\/\/schema.org","@graph":[{"@type":"WebPage","@id":"https:\/\/bullbbq.eu\/de\/quote\/","url":"https:\/\/bullbbq.eu\/de\/quote\/","name":"Angebot einholen - BULL BBQ EU","isPartOf":{"@id":"https:\/\/bullbbq.eu\/de\/#website"},"datePublished":"2025-02-12T16:42:43+00:00","dateModified":"2025-04-09T09:39:21+00:00","breadcrumb":{"@id":"https:\/\/bullbbq.eu\/de\/quote\/#breadcrumb"},"inLanguage":"de","potentialAction":[{"@type":"ReadAction","target":["https:\/\/bullbbq.eu\/de\/quote\/"]}]},{"@type":"BreadcrumbList","@id":"https:\/\/bullbbq.eu\/de\/quote\/#breadcrumb","itemListElement":[{"@type":"ListItem","position":1,"name":"Home","item":"https:\/\/bullbbq.eu\/de\/"},{"@type":"ListItem","position":2,"name":"Angebot einholen"}]},{"@type":"WebSite","@id":"https:\/\/bullbbq.eu\/de\/#website","url":"https:\/\/bullbbq.eu\/de\/","name":"BULL BBQ","description":"Bull BBQ EU","publisher":{"@id":"https:\/\/bullbbq.eu\/de\/#organization"},"potentialAction":[{"@type":"SearchAction","target":{"@type":"EntryPoint","urlTemplate":"https:\/\/bullbbq.eu\/de\/?s={search_term_string}"},"query-input":{"@type":"PropertyValueSpecification","valueRequired":true,"valueName":"search_term_string"}}],"inLanguage":"de"},{"@type":"Organization","@id":"https:\/\/bullbbq.eu\/de\/#organization","name":"BULL BBQ","url":"https:\/\/bullbbq.eu\/de\/","logo":{"@type":"ImageObject","inLanguage":"de","@id":"https:\/\/bullbbq.eu\/de\/#\/schema\/logo\/image\/","url":"https:\/\/bullbbq.eu\/wp-content\/uploads\/2023\/02\/logo_corp.png","contentUrl":"https:\/\/bullbbq.eu\/wp-content\/uploads\/2023\/02\/logo_corp.png","width":461,"height":207,"caption":"BULL BBQ"},"image":{"@id":"https:\/\/bullbbq.eu\/de\/#\/schema\/logo\/image\/"},"sameAs":["https:\/\/www.facebook.com\/bullbbq.eu","https:\/\/www.instagram.com\/bullbbqeu\/"]}]}},"_links":{"self":[{"href":"https:\/\/bullbbq.eu\/de\/wp-json\/wp\/v2\/pages\/16826","targetHints":{"allow":["GET"]}}],"collection":[{"href":"https:\/\/bullbbq.eu\/de\/wp-json\/wp\/v2\/pages"}],"about":[{"href":"https:\/\/bullbbq.eu\/de\/wp-json\/wp\/v2\/types\/page"}],"author":[{"embeddable":true,"href":"https:\/\/bullbbq.eu\/de\/wp-json\/wp\/v2\/users\/1"}],"replies":[{"embeddable":true,"href":"https:\/\/bullbbq.eu\/de\/wp-json\/wp\/v2\/comments?post=16826"}],"version-history":[{"count":0,"href":"https:\/\/bullbbq.eu\/de\/wp-json\/wp\/v2\/pages\/16826\/revisions"}],"wp:attachment":[{"href":"https:\/\/bullbbq.eu\/de\/wp-json\/wp\/v2\/media?parent=16826"}],"curies":[{"name":"wp","href":"https:\/\/api.w.org\/{rel}","templated":true}]}}