{"id":16877,"date":"2025-03-24T03:36:04","date_gmt":"2025-03-24T02:36:04","guid":{"rendered":"https:\/\/bullbbq.eu\/thank-you-de\/"},"modified":"2025-03-24T15:46:21","modified_gmt":"2025-03-24T14:46:21","slug":"thank-you-de","status":"publish","type":"page","link":"https:\/\/bullbbq.eu\/de\/thank-you-de\/","title":{"rendered":"Thank-you-DE"},"content":{"rendered":"\t\t<div data-elementor-type=\"wp-page\" data-elementor-id=\"16877\" class=\"elementor elementor-16877 elementor-16812\" data-elementor-post-type=\"page\">\n\t\t\t\t\t\t<section class=\"elementor-section elementor-top-section elementor-element elementor-element-6c1e2aa0 elementor-section-full_width qodef-elementor-content-grid mob-padd  elementor-section-height-default elementor-section-height-default qodef-elementor-overlay-no\" data-id=\"6c1e2aa0\" data-element_type=\"section\">\n\t\t\t\t\t\t<div class=\"elementor-container elementor-column-gap-default\">\n\t\t\t\t\t<div class=\"elementor-column elementor-col-100 elementor-top-column elementor-element elementor-element-58d80f57\" data-id=\"58d80f57\" data-element_type=\"column\">\n\t\t\t<div class=\"elementor-widget-wrap elementor-element-populated\">\n\t\t\t\t\t\t<div class=\"elementor-element elementor-element-6fc55d2c elementor-widget elementor-widget-tobel_core_section_title\" data-id=\"6fc55d2c\" data-element_type=\"widget\" data-widget_type=\"tobel_core_section_title.default\">\n\t\t\t\t<div class=\"elementor-widget-container\">\n\t\t\t<div class=\"qodef-shortcode qodef-m  qodef-section-title qodef-alignment--left \">\n\t\t\t<h3 class=\"qodef-m-title\" style=\"color: #C20000\">\n\t\t\t\t\tVielen Dank f\u00fcr Ihre Anfrage bei Bull BBQ\t\t\t<\/h3>\n\t<\/div>\n\t\t<\/div>\n\t\t\t\t<\/div>\n\t\t\t\t<div class=\"elementor-element elementor-element-3ebe8d73 elementor-widget elementor-widget-text-editor\" data-id=\"3ebe8d73\" data-element_type=\"widget\" data-widget_type=\"text-editor.default\">\n\t\t\t\t<div class=\"elementor-widget-container\">\n\t\t\t\t\t\t\t<p class=\"\" data-start=\"903\" data-end=\"1100\">Vielen Dank, dass Sie sich f\u00fcr Bull BBQ interessieren! Ihre Anfrage ist bei uns eingegangen. Der n\u00e4chstgelegene Bull BBQ-H\u00e4ndler wird sich in K\u00fcrze mit Ihnen in Verbindung setzen und Ihnen Preise, Produktdetails sowie fachkundige Tipps zukommen lassen. <\/p>\n<p class=\"\" data-start=\"1102\" data-end=\"1240\">In der Zwischenzeit laden wir Sie ein, unsere Website nach weiteren Ideen, Rezepten und Inspiration zu durchst\u00f6bern \u2013 damit Sie Ihre Outdoor-K\u00fcche schon bald zum Gl\u00fchen bringen k\u00f6nnen.<br data-start=\"1196\" data-end=\"1199\"><br data-start=\"1215\" data-end=\"1218\"><strong data-start=\"1199\" data-end=\"1240\">Fr\u00f6hliches Grillen,<br \/>Ihr Bull BBQ EU-Team<\/strong><\/p>\n\t\t\t\t\t\t<\/div>\n\t\t\t\t<\/div>\n\t\t\t\t\t<\/div>\n\t\t<\/div>\n\t\t\t\t\t<\/div>\n\t\t<\/section>\n\t\t\t\t<\/div>\n\t\t","protected":false},"excerpt":{"rendered":"<p>Vielen Dank f\u00fcr Ihre Anfrage bei Bull BBQ Vielen Dank, dass Sie sich f\u00fcr Bull BBQ interessieren! Ihre Anfrage ist bei uns eingegangen. Der n\u00e4chstgelegene Bull BBQ-H\u00e4ndler wird sich in K\u00fcrze mit Ihnen in Verbindung setzen und Ihnen Preise, Produktdetails sowie fachkundige Tipps zukommen lassen. In der Zwischenzeit laden wir Sie ein, unsere Website nach [&hellip;]<\/p>\n","protected":false},"author":11,"featured_media":0,"parent":0,"menu_order":0,"comment_status":"closed","ping_status":"closed","template":"page-full-width.php","meta":{"_acf_changed":false,"footnotes":""},"class_list":["post-16877","page","type-page","status-publish","hentry"],"acf":[],"yoast_head":"<!-- This site is optimized with the Yoast SEO plugin v23.4 - https:\/\/yoast.com\/wordpress\/plugins\/seo\/ -->\n<title>Thank-you-DE - BULL BBQ EU<\/title>\n<meta name=\"robots\" content=\"index, follow, max-snippet:-1, max-image-preview:large, max-video-preview:-1\" \/>\n<link rel=\"canonical\" href=\"https:\/\/bullbbq.eu\/de\/thank-you-de\/\" \/>\n<meta property=\"og:locale\" content=\"de_DE\" \/>\n<meta property=\"og:type\" content=\"article\" \/>\n<meta property=\"og:title\" content=\"Thank-you-DE - BULL BBQ EU\" \/>\n<meta property=\"og:description\" content=\"Vielen Dank f\u00fcr Ihre Anfrage bei Bull BBQ Vielen Dank, dass Sie sich f\u00fcr Bull BBQ interessieren! Ihre Anfrage ist bei uns eingegangen. Der n\u00e4chstgelegene Bull BBQ-H\u00e4ndler wird sich in K\u00fcrze mit Ihnen in Verbindung setzen und Ihnen Preise, Produktdetails sowie fachkundige Tipps zukommen lassen. In der Zwischenzeit laden wir Sie ein, unsere Website nach [&hellip;]\" \/>\n<meta property=\"og:url\" content=\"https:\/\/bullbbq.eu\/de\/thank-you-de\/\" \/>\n<meta property=\"og:site_name\" content=\"BULL BBQ EU\" \/>\n<meta property=\"article:publisher\" content=\"https:\/\/www.facebook.com\/bullbbq.eu\" \/>\n<meta property=\"article:modified_time\" content=\"2025-03-24T14:46:21+00:00\" \/>\n<meta name=\"twitter:card\" content=\"summary_large_image\" \/>\n<meta name=\"twitter:label1\" content=\"Gesch\u00e4tzte Lesezeit\" \/>\n\t<meta name=\"twitter:data1\" content=\"1\u00a0Minute\" \/>\n<script type=\"application\/ld+json\" class=\"yoast-schema-graph\">{\"@context\":\"https:\/\/schema.org\",\"@graph\":[{\"@type\":\"WebPage\",\"@id\":\"https:\/\/bullbbq.eu\/de\/thank-you-de\/\",\"url\":\"https:\/\/bullbbq.eu\/de\/thank-you-de\/\",\"name\":\"Thank-you-DE - BULL BBQ EU\",\"isPartOf\":{\"@id\":\"https:\/\/bullbbq.eu\/de\/#website\"},\"datePublished\":\"2025-03-24T02:36:04+00:00\",\"dateModified\":\"2025-03-24T14:46:21+00:00\",\"breadcrumb\":{\"@id\":\"https:\/\/bullbbq.eu\/de\/thank-you-de\/#breadcrumb\"},\"inLanguage\":\"de\",\"potentialAction\":[{\"@type\":\"ReadAction\",\"target\":[\"https:\/\/bullbbq.eu\/de\/thank-you-de\/\"]}]},{\"@type\":\"BreadcrumbList\",\"@id\":\"https:\/\/bullbbq.eu\/de\/thank-you-de\/#breadcrumb\",\"itemListElement\":[{\"@type\":\"ListItem\",\"position\":1,\"name\":\"Home\",\"item\":\"https:\/\/bullbbq.eu\/de\/\"},{\"@type\":\"ListItem\",\"position\":2,\"name\":\"Thank-you-DE\"}]},{\"@type\":\"WebSite\",\"@id\":\"https:\/\/bullbbq.eu\/de\/#website\",\"url\":\"https:\/\/bullbbq.eu\/de\/\",\"name\":\"BULL BBQ\",\"description\":\"Bull BBQ EU\",\"publisher\":{\"@id\":\"https:\/\/bullbbq.eu\/de\/#organization\"},\"potentialAction\":[{\"@type\":\"SearchAction\",\"target\":{\"@type\":\"EntryPoint\",\"urlTemplate\":\"https:\/\/bullbbq.eu\/de\/?s={search_term_string}\"},\"query-input\":{\"@type\":\"PropertyValueSpecification\",\"valueRequired\":true,\"valueName\":\"search_term_string\"}}],\"inLanguage\":\"de\"},{\"@type\":\"Organization\",\"@id\":\"https:\/\/bullbbq.eu\/de\/#organization\",\"name\":\"BULL BBQ\",\"url\":\"https:\/\/bullbbq.eu\/de\/\",\"logo\":{\"@type\":\"ImageObject\",\"inLanguage\":\"de\",\"@id\":\"https:\/\/bullbbq.eu\/de\/#\/schema\/logo\/image\/\",\"url\":\"https:\/\/bullbbq.eu\/wp-content\/uploads\/2023\/02\/logo_corp.png\",\"contentUrl\":\"https:\/\/bullbbq.eu\/wp-content\/uploads\/2023\/02\/logo_corp.png\",\"width\":461,\"height\":207,\"caption\":\"BULL BBQ\"},\"image\":{\"@id\":\"https:\/\/bullbbq.eu\/de\/#\/schema\/logo\/image\/\"},\"sameAs\":[\"https:\/\/www.facebook.com\/bullbbq.eu\",\"https:\/\/www.instagram.com\/bullbbqeu\/\"]}]}<\/script>\n<!-- \/ Yoast SEO plugin. -->","yoast_head_json":{"title":"Thank-you-DE - BULL BBQ EU","robots":{"index":"index","follow":"follow","max-snippet":"max-snippet:-1","max-image-preview":"max-image-preview:large","max-video-preview":"max-video-preview:-1"},"canonical":"https:\/\/bullbbq.eu\/de\/thank-you-de\/","og_locale":"de_DE","og_type":"article","og_title":"Thank-you-DE - BULL BBQ EU","og_description":"Vielen Dank f\u00fcr Ihre Anfrage bei Bull BBQ Vielen Dank, dass Sie sich f\u00fcr Bull BBQ interessieren! Ihre Anfrage ist bei uns eingegangen. Der n\u00e4chstgelegene Bull BBQ-H\u00e4ndler wird sich in K\u00fcrze mit Ihnen in Verbindung setzen und Ihnen Preise, Produktdetails sowie fachkundige Tipps zukommen lassen. In der Zwischenzeit laden wir Sie ein, unsere Website nach [&hellip;]","og_url":"https:\/\/bullbbq.eu\/de\/thank-you-de\/","og_site_name":"BULL BBQ EU","article_publisher":"https:\/\/www.facebook.com\/bullbbq.eu","article_modified_time":"2025-03-24T14:46:21+00:00","twitter_card":"summary_large_image","twitter_misc":{"Gesch\u00e4tzte Lesezeit":"1\u00a0Minute"},"schema":{"@context":"https:\/\/schema.org","@graph":[{"@type":"WebPage","@id":"https:\/\/bullbbq.eu\/de\/thank-you-de\/","url":"https:\/\/bullbbq.eu\/de\/thank-you-de\/","name":"Thank-you-DE - BULL BBQ EU","isPartOf":{"@id":"https:\/\/bullbbq.eu\/de\/#website"},"datePublished":"2025-03-24T02:36:04+00:00","dateModified":"2025-03-24T14:46:21+00:00","breadcrumb":{"@id":"https:\/\/bullbbq.eu\/de\/thank-you-de\/#breadcrumb"},"inLanguage":"de","potentialAction":[{"@type":"ReadAction","target":["https:\/\/bullbbq.eu\/de\/thank-you-de\/"]}]},{"@type":"BreadcrumbList","@id":"https:\/\/bullbbq.eu\/de\/thank-you-de\/#breadcrumb","itemListElement":[{"@type":"ListItem","position":1,"name":"Home","item":"https:\/\/bullbbq.eu\/de\/"},{"@type":"ListItem","position":2,"name":"Thank-you-DE"}]},{"@type":"WebSite","@id":"https:\/\/bullbbq.eu\/de\/#website","url":"https:\/\/bullbbq.eu\/de\/","name":"BULL BBQ","description":"Bull BBQ EU","publisher":{"@id":"https:\/\/bullbbq.eu\/de\/#organization"},"potentialAction":[{"@type":"SearchAction","target":{"@type":"EntryPoint","urlTemplate":"https:\/\/bullbbq.eu\/de\/?s={search_term_string}"},"query-input":{"@type":"PropertyValueSpecification","valueRequired":true,"valueName":"search_term_string"}}],"inLanguage":"de"},{"@type":"Organization","@id":"https:\/\/bullbbq.eu\/de\/#organization","name":"BULL BBQ","url":"https:\/\/bullbbq.eu\/de\/","logo":{"@type":"ImageObject","inLanguage":"de","@id":"https:\/\/bullbbq.eu\/de\/#\/schema\/logo\/image\/","url":"https:\/\/bullbbq.eu\/wp-content\/uploads\/2023\/02\/logo_corp.png","contentUrl":"https:\/\/bullbbq.eu\/wp-content\/uploads\/2023\/02\/logo_corp.png","width":461,"height":207,"caption":"BULL BBQ"},"image":{"@id":"https:\/\/bullbbq.eu\/de\/#\/schema\/logo\/image\/"},"sameAs":["https:\/\/www.facebook.com\/bullbbq.eu","https:\/\/www.instagram.com\/bullbbqeu\/"]}]}},"_links":{"self":[{"href":"https:\/\/bullbbq.eu\/de\/wp-json\/wp\/v2\/pages\/16877","targetHints":{"allow":["GET"]}}],"collection":[{"href":"https:\/\/bullbbq.eu\/de\/wp-json\/wp\/v2\/pages"}],"about":[{"href":"https:\/\/bullbbq.eu\/de\/wp-json\/wp\/v2\/types\/page"}],"author":[{"embeddable":true,"href":"https:\/\/bullbbq.eu\/de\/wp-json\/wp\/v2\/users\/11"}],"replies":[{"embeddable":true,"href":"https:\/\/bullbbq.eu\/de\/wp-json\/wp\/v2\/comments?post=16877"}],"version-history":[{"count":0,"href":"https:\/\/bullbbq.eu\/de\/wp-json\/wp\/v2\/pages\/16877\/revisions"}],"wp:attachment":[{"href":"https:\/\/bullbbq.eu\/de\/wp-json\/wp\/v2\/media?parent=16877"}],"curies":[{"name":"wp","href":"https:\/\/api.w.org\/{rel}","templated":true}]}}